{"id":45,"date":"2024-11-03T01:10:15","date_gmt":"2024-11-03T01:10:15","guid":{"rendered":"https:\/\/hayter.ar\/?page_id=45"},"modified":"2025-06-01T02:59:59","modified_gmt":"2025-06-01T02:59:59","slug":"projects","status":"publish","type":"page","link":"https:\/\/hayter.ar\/?page_id=45","title":{"rendered":"Servicios"},"content":{"rendered":"\n<div class=\"wp-block-columns are-vertically-aligned-center is-layout-flex wp-container-core-columns-is-layout-9d6595d7 wp-block-columns-is-layout-flex\">\n<div class=\"wp-block-column is-vertically-aligned-center is-layout-flow wp-block-column-is-layout-flow\">\n<div class=\"wp-block-group alignwide has-luminous-vivid-orange-color has-white-background-color has-text-color has-background has-link-color wp-elements-f257f955008b331dabe82a588c75f8ec\"><div class=\"wp-block-group__inner-container is-layout-flow wp-block-group-is-layout-flow\">\n<div class=\"wp-block-group alignwide has-white-background-color has-background\" style=\"padding-top:2em;padding-right:2em;padding-bottom:2em;padding-left:2em\"><div class=\"wp-block-group__inner-container is-layout-flow wp-block-group-is-layout-flow\">\n<h6 class=\"wp-block-heading has-luminous-vivid-orange-color has-text-color has-link-color wp-elements-b34a463bcf20ecc8d4055b13b6afe39e\" id=\"ecosystem\" style=\"font-size:36px;line-height:1.2\"><span style=\"color: #999999;\">SERVICIOS<\/span> <strong>Andamio <\/strong><\/h6>\n<\/div><\/div>\n\n\n\n<div class=\"wp-block-group has-luminous-vivid-orange-color has-white-background-color has-text-color has-background has-link-color wp-elements-3cf7c8a6c34d22665e3dc1ed33a68e5c is-content-justification-left is-nowrap is-layout-flex wp-container-core-group-is-layout-f56a869c wp-block-group-is-layout-flex\">\n<div class=\"wp-block-group alignfull is-nowrap is-layout-flex wp-container-core-group-is-layout-ad2f72ca wp-block-group-is-layout-flex\">\n<div class=\"wp-block-group is-vertical is-content-justification-left is-layout-flex wp-container-core-group-is-layout-c0ca7d81 wp-block-group-is-layout-flex\">\n<div class=\"wp-block-group is-vertical is-layout-flex wp-container-core-group-is-layout-8cf370e7 wp-block-group-is-layout-flex\">\n<div class=\"wp-block-group is-vertical is-layout-flex wp-container-core-group-is-layout-76a81b31 wp-block-group-is-layout-flex\">\n<p class=\"has-text-align-left has-luminous-vivid-orange-color has-text-color has-link-color has-medium-font-size wp-elements-2fea4c6a467f17939ae4d4b699c4f5e2\" style=\"font-style:normal;font-weight:400\">Nos especializamos en el montaje de andamios para intervenciones en bater\u00edas, plantas compresoras, plantas de tratamiento de crudo y boca de pozo, as\u00ed como en el montaje y desmontaje de equipos cr\u00edticos. Adem\u00e1s, realizamos intervenciones en plantas y obras en general.<\/p>\n\n\n\n<p class=\"has-text-align-left has-luminous-vivid-orange-color has-text-color has-link-color has-medium-font-size wp-elements-77e8457bac5690df31a4be817a15202f\" style=\"font-style:normal;font-weight:400\">Nuestro servicio incluye la incorporaci\u00f3n de un equipo altamente capacitado y \u00e1gil, con un profundo conocimiento t\u00e9cnico y las herramientas necesarias para operar en sitios de gran altura o espacios confinados. Este enfoque garantiza la eficiencia y seguridad en cada proyecto, adapt\u00e1ndonos a las exigentes condiciones operativas de la industria petrolera.<\/p>\n\n\n\n<p class=\"has-text-align-left has-medium-font-size\"><\/p>\n<\/div>\n<\/div>\n<\/div>\n<\/div>\n\n\n<div class=\"wp-block-image\">\n<figure class=\"aligncenter size-full is-resized\"><img fetchpriority=\"high\" decoding=\"async\" width=\"390\" height=\"319\" src=\"https:\/\/hayter.ar\/wp-content\/uploads\/2025\/03\/cats5.jpg\" alt=\"\" class=\"wp-image-721\" style=\"width:1006px;height:auto\" srcset=\"https:\/\/hayter.ar\/wp-content\/uploads\/2025\/03\/cats5.jpg 390w, https:\/\/hayter.ar\/wp-content\/uploads\/2025\/03\/cats5-300x245.jpg 300w\" sizes=\"(max-width: 390px) 100vw, 390px\" \/><\/figure>\n<\/div><\/div>\n\n\n\n<div class=\"wp-block-group is-vertical is-layout-flex wp-container-core-group-is-layout-8cf370e7 wp-block-group-is-layout-flex\">\n<h4 class=\"wp-block-heading has-luminous-vivid-orange-color has-text-color has-link-color wp-elements-0b65b5810e80e5feea3e52f6a95e95d3\" id=\"ecosystem\" style=\"font-size:36px;line-height:1.2\"><span style=\"color: #999999;\">SERVICIOS<\/span> <strong>Elevaci\u00f3n<\/strong><\/h4>\n\n\n\n<p class=\"has-text-align-left has-white-background-color has-background has-medium-font-size\"><strong>Alquiler de Plataformas Elevadoras para Trabajo en Altura<\/strong><\/p>\n\n\n\n<div class=\"wp-block-group is-vertical is-content-justification-center is-layout-flex wp-container-core-group-is-layout-4b2eccd6 wp-block-group-is-layout-flex\">\n<div class=\"wp-block-group\"><div class=\"wp-block-group__inner-container is-layout-constrained wp-block-group-is-layout-constrained\">\n<div class=\"wp-block-group is-nowrap is-layout-flex wp-container-core-group-is-layout-ad2f72ca wp-block-group-is-layout-flex\"><div class=\"wp-block-image\">\n<figure class=\"aligncenter size-full is-resized\"><img decoding=\"async\" width=\"503\" height=\"283\" src=\"https:\/\/hayter.ar\/wp-content\/uploads\/2025\/03\/cats1.jpg\" alt=\"\" class=\"wp-image-717\" style=\"aspect-ratio:1.7777777777777777;object-fit:contain;width:1079px;height:auto\" srcset=\"https:\/\/hayter.ar\/wp-content\/uploads\/2025\/03\/cats1.jpg 503w, https:\/\/hayter.ar\/wp-content\/uploads\/2025\/03\/cats1-300x169.jpg 300w\" sizes=\"(max-width: 503px) 100vw, 503px\" \/><\/figure>\n<\/div>\n\n\n<p class=\"has-text-align-left has-white-background-color has-background has-medium-font-size\">Ofrecemos el servicio de alquiler de plataformas elevadoras para trabajos en altura, abarcando una amplia gama de equipos de elevaci\u00f3n, tales como tijeras elevadoras y brazos articulados. Proporcionamos asesoramiento personalizado para la selecci\u00f3n de las plataformas adecuadas a tus necesidades espec\u00edficas, garantizando una r\u00e1pida entrega de los equipos.<\/p>\n<\/div>\n<\/div><\/div>\n<\/div>\n<\/div>\n\n\n\n<div class=\"wp-block-group alignwide\" style=\"padding-top:2em;padding-right:2em;padding-bottom:2em;padding-left:2em\"><div class=\"wp-block-group__inner-container is-layout-flow wp-block-group-is-layout-flow\">\n<h2 class=\"wp-block-heading has-luminous-vivid-orange-color has-text-color has-link-color wp-elements-0a3d6fdeb415cfa7fc5d1b6d2cf30690\" id=\"ecosystem\" style=\"font-size:36px;line-height:1.2\"><span style=\"color: #999999;\">SERVICIOS<\/span> <strong>Trabajo seguro en altura<\/strong><\/h2>\n\n\n\n<p class=\"has-medium-font-size\"><strong>Soporte de Seguridad y Rescate en Trabajos en Altura<\/strong><\/p>\n\n\n\n<p class=\"has-medium-font-size\">Ofrecemos servicios especializados en seguridad y rescate, incluyendo la instalaci\u00f3n de l\u00edneas de vida y trabajos en<\/p>\n\n\n\n<p class=\"has-medium-font-size\"><\/p>\n\n\n\n<div class=\"wp-block-group is-content-justification-center is-nowrap is-layout-flex wp-container-core-group-is-layout-94bc23d7 wp-block-group-is-layout-flex\">\n<ul class=\"wp-block-list has-medium-font-size\">\n<li class=\"has-medium-font-size\"><strong>Instalaci\u00f3n de L\u00edneas de Vida<\/strong>: Sistemas de anclaje y protecci\u00f3n contra ca\u00eddas.<\/li>\n\n\n\n<li class=\"has-medium-font-size\"><strong>Trabajos en Altura<\/strong>: Ejecuci\u00f3n de labores mediante t\u00e9cnicas de acceso y posicionamiento por cuerdas, adaptadas<\/li>\n\n\n\n<li class=\"has-medium-font-size\"><strong>Capacitaci\u00f3n<\/strong>: Programas de formaci\u00f3n en primeros auxilios, RCP y uso de DEA, as\u00ed como en trabajo seguro en<\/li>\n\n\n\n<li><strong>Rescate T\u00e9cnico con Cuerdas<\/strong>: Operaciones de rescate especializadas para situaciones de emergencia en altura.<\/li>\n<\/ul>\n\n\n<div class=\"wp-block-image\">\n<figure class=\"aligncenter size-full is-resized\"><img decoding=\"async\" width=\"272\" height=\"176\" src=\"https:\/\/hayter.ar\/wp-content\/uploads\/2025\/03\/cats2.jpg\" alt=\"\" class=\"wp-image-718\" style=\"aspect-ratio:1.5;object-fit:contain;width:506px;height:auto\"\/><\/figure>\n<\/div><\/div>\n\n\n\n<p class=\"has-medium-font-size\"><\/p>\n<\/div><\/div>\n\n\n\n<p class=\"has-white-background-color has-background\">&nbsp;<\/p>\n<\/div><\/div>\n<\/div>\n<\/div>\n\n\n\n<p>&nbsp;<\/p>\n\n\n\n<p>&nbsp;<\/p>\n","protected":false},"excerpt":{"rendered":"<p>SERVICIOS Andamio Nos especializamos en el montaje de andamios para intervenciones en bater\u00edas, plantas compresoras, plantas de tratamiento de crudo y boca de pozo, as\u00ed como en el montaje y desmontaje de equipos cr\u00edticos. Adem\u00e1s, realizamos intervenciones en plantas y obras en general. Nuestro servicio incluye la incorporaci\u00f3n de un equipo altamente capacitado y \u00e1gil, [&hellip;]<\/p>\n","protected":false},"author":1,"featured_media":0,"parent":0,"menu_order":0,"comment_status":"closed","ping_status":"closed","template":"","meta":{"pagelayer_contact_templates":[],"_pagelayer_content":"","footnotes":""},"class_list":["post-45","page","type-page","status-publish","hentry"],"_links":{"self":[{"href":"https:\/\/hayter.ar\/index.php?rest_route=\/wp\/v2\/pages\/45","targetHints":{"allow":["GET"]}}],"collection":[{"href":"https:\/\/hayter.ar\/index.php?rest_route=\/wp\/v2\/pages"}],"about":[{"href":"https:\/\/hayter.ar\/index.php?rest_route=\/wp\/v2\/types\/page"}],"author":[{"embeddable":true,"href":"https:\/\/hayter.ar\/index.php?rest_route=\/wp\/v2\/users\/1"}],"replies":[{"embeddable":true,"href":"https:\/\/hayter.ar\/index.php?rest_route=%2Fwp%2Fv2%2Fcomments&post=45"}],"version-history":[{"count":140,"href":"https:\/\/hayter.ar\/index.php?rest_route=\/wp\/v2\/pages\/45\/revisions"}],"predecessor-version":[{"id":841,"href":"https:\/\/hayter.ar\/index.php?rest_route=\/wp\/v2\/pages\/45\/revisions\/841"}],"wp:attachment":[{"href":"https:\/\/hayter.ar\/index.php?rest_route=%2Fwp%2Fv2%2Fmedia&parent=45"}],"curies":[{"name":"wp","href":"https:\/\/api.w.org\/{rel}","templated":true}]}}